{"id":21101,"date":"2025-03-25T14:54:02","date_gmt":"2025-03-25T13:54:02","guid":{"rendered":"https:\/\/treffpunkte.bibibo.info\/?page_id=21101"},"modified":"2025-03-29T00:06:46","modified_gmt":"2025-03-28T23:06:46","slug":"natur-u-vogelschutzverein-fellingshausen","status":"publish","type":"page","link":"https:\/\/treffpunkte.bibibo.info\/?page_id=21101","title":{"rendered":"Natur- u. Vogelschutzverein Fellingshausen"},"content":{"rendered":"<ul class=\"wp-block-latest-posts__list has-dates has-author wp-block-latest-posts\"><li><a class=\"wp-block-latest-posts__post-title\" href=\"https:\/\/treffpunkte.bibibo.info\/?p=26924\">Alle V\u00f6gel sind schon da<\/a><div class=\"wp-block-latest-posts__post-author\">von Eveline Renell<\/div><time datetime=\"2025-03-27T13:00:00+01:00\" class=\"wp-block-latest-posts__post-date\">27. M\u00e4rz 2025<\/time><div class=\"wp-block-latest-posts__post-excerpt\">bei der Jahreshauptversammlung des Natur- und Vogelschutzvereins Fellingshausen. Es fanden in diesem Jahr keine Wahlen statt. Lediglich wurde Burkhard Schmidt als neuer Kassenpfr\u00fcfer gew\u00e4hlt. Dadurch waren die Pflicht-Tagesordnungspunkte schnell erledigt. Im Herbst 2025 soll es eine Feier zum 40j\u00e4hrigen Bestehen des Vereins geben. Daf\u00fcr sollen auch die j\u00fcngeren Mitglieder reaktiviert und als Jubil\u00e4umsbaum eine Elsbeere\u2026\u00a0<a class=\"wp-block-latest-posts__read-more\" href=\"https:\/\/treffpunkte.bibibo.info\/?p=26924\" rel=\"noopener noreferrer\"><span class=\"screen-reader-text\">Alle V\u00f6gel sind schon da <\/span>weiterlesen<\/a><\/div><\/li>\n<\/ul>\n\n\n<p><\/p>\n","protected":false},"excerpt":{"rendered":"","protected":false},"author":1,"featured_media":0,"parent":0,"menu_order":0,"comment_status":"closed","ping_status":"closed","template":"","meta":{"inspiro_page_layout":"narrow","inspiro_hide_title":false,"footnotes":""},"class_list":["post-21101","page","type-page","status-publish","hentry"],"_links":{"self":[{"href":"https:\/\/treffpunkte.bibibo.info\/index.php?rest_route=\/wp\/v2\/pages\/21101","targetHints":{"allow":["GET"]}}],"collection":[{"href":"https:\/\/treffpunkte.bibibo.info\/index.php?rest_route=\/wp\/v2\/pages"}],"about":[{"href":"https:\/\/treffpunkte.bibibo.info\/index.php?rest_route=\/wp\/v2\/types\/page"}],"author":[{"embeddable":true,"href":"https:\/\/treffpunkte.bibibo.info\/index.php?rest_route=\/wp\/v2\/users\/1"}],"replies":[{"embeddable":true,"href":"https:\/\/treffpunkte.bibibo.info\/index.php?rest_route=%2Fwp%2Fv2%2Fcomments&post=21101"}],"version-history":[{"count":5,"href":"https:\/\/treffpunkte.bibibo.info\/index.php?rest_route=\/wp\/v2\/pages\/21101\/revisions"}],"predecessor-version":[{"id":26965,"href":"https:\/\/treffpunkte.bibibo.info\/index.php?rest_route=\/wp\/v2\/pages\/21101\/revisions\/26965"}],"wp:attachment":[{"href":"https:\/\/treffpunkte.bibibo.info\/index.php?rest_route=%2Fwp%2Fv2%2Fmedia&parent=21101"}],"curies":[{"name":"wp","href":"https:\/\/api.w.org\/{rel}","templated":true}]}}