{"id":21124,"date":"2025-03-26T09:39:48","date_gmt":"2025-03-26T08:39:48","guid":{"rendered":"https:\/\/treffpunkte.bibibo.info\/?page_id=21124"},"modified":"2025-03-26T10:02:44","modified_gmt":"2025-03-26T09:02:44","slug":"burschen-und-maedchen","status":"publish","type":"page","link":"https:\/\/treffpunkte.bibibo.info\/?page_id=21124","title":{"rendered":"Burschen und M\u00e4dchenschaften"},"content":{"rendered":"<style>.kb-row-layout-id21124_e7bbfc-a8 > .kt-row-column-wrap{align-content:start;}:where(.kb-row-layout-id21124_e7bbfc-a8 > .kt-row-column-wrap) > .wp-block-kadence-column{justify-content:start;}.kb-row-layout-id21124_e7bbfc-a8 > .kt-row-column-wrap{column-gap:var(--global-kb-gap-md, 2rem);row-gap:var(--global-kb-gap-md, 2rem);padding-top:var(--global-kb-spacing-sm, 1.5rem);padding-bottom:var(--global-kb-spacing-sm, 1.5rem);}.kb-row-layout-id21124_e7bbfc-a8 > .kt-row-column-wrap > div:not(.added-for-specificity){grid-column:initial;}.kb-row-layout-id21124_e7bbfc-a8 > .kt-row-column-wrap{grid-template-columns:repeat(3, minmax(0, 1fr));}.kb-row-layout-id21124_e7bbfc-a8{border-top-left-radius:20px;border-top-right-radius:20px;overflow:clip;isolation:isolate;}.kb-row-layout-id21124_e7bbfc-a8 > .kt-row-layout-overlay{border-top-left-radius:20px;border-top-right-radius:20px;}.kb-row-layout-id21124_e7bbfc-a8{background-color:rgba(65,118,251,0.1);}.kb-row-layout-id21124_e7bbfc-a8 > .kt-row-layout-overlay{opacity:0.30;}@media all and (max-width: 1024px){.kb-row-layout-id21124_e7bbfc-a8 > .kt-row-column-wrap > div:not(.added-for-specificity){grid-column:initial;}}@media all and (max-width: 1024px){.kb-row-layout-id21124_e7bbfc-a8 > .kt-row-column-wrap{grid-template-columns:repeat(3, minmax(0, 1fr));}}@media all and (max-width: 767px){.kb-row-layout-id21124_e7bbfc-a8 > .kt-row-column-wrap > div:not(.added-for-specificity){grid-column:initial;}.kb-row-layout-id21124_e7bbfc-a8 > .kt-row-column-wrap{grid-template-columns:minmax(0, 1fr);}}<\/style><div class=\"kb-row-layout-wrap kb-row-layout-id21124_e7bbfc-a8 alignnone kt-row-has-bg wp-block-kadence-rowlayout\"><div class=\"kt-row-column-wrap kt-has-3-columns kt-row-layout-equal kt-tab-layout-inherit kt-mobile-layout-row kt-row-valign-top\">\n<style>.kadence-column21124_6c81b3-78 > .kt-inside-inner-col,.kadence-column21124_6c81b3-78 > .kt-inside-inner-col:before{border-top-left-radius:0px;border-top-right-radius:0px;border-bottom-right-radius:0px;border-bottom-left-radius:0px;}.kadence-column21124_6c81b3-78 > .kt-inside-inner-col{column-gap:var(--global-kb-gap-sm, 1rem);}.kadence-column21124_6c81b3-78 > .kt-inside-inner-col{flex-direction:column;}.kadence-column21124_6c81b3-78 > .kt-inside-inner-col > .aligncenter{width:100%;}.kadence-column21124_6c81b3-78 > .kt-inside-inner-col:before{opacity:0.3;}.kadence-column21124_6c81b3-78{position:relative;}@media all and (max-width: 1024px){.kadence-column21124_6c81b3-78 > .kt-inside-inner-col{flex-direction:column;justify-content:center;}}@media all and (max-width: 767px){.kadence-column21124_6c81b3-78 > .kt-inside-inner-col{flex-direction:column;justify-content:center;}}<\/style>\n<div class=\"wp-block-kadence-column kadence-column21124_6c81b3-78\"><div class=\"kt-inside-inner-col\">\n<p class=\"has-lightgrey-background-color has-background\" style=\"border-width:2px;border-radius:10px\"><strong>Burschenschaft Frohsinn<\/strong><br>Kai Schmidt<br>Gie\u00dfener Str. 92<br>Tel.: 0151 \/ 51916709<\/p>\n\n\n\n<p>  <\/p>\n<\/div><\/div>\n\n\n<style>.kadence-column21124_b483e1-a1 > .kt-inside-inner-col,.kadence-column21124_b483e1-a1 > .kt-inside-inner-col:before{border-top-left-radius:0px;border-top-right-radius:0px;border-bottom-right-radius:0px;border-bottom-left-radius:0px;}.kadence-column21124_b483e1-a1 > .kt-inside-inner-col{column-gap:var(--global-kb-gap-sm, 1rem);}.kadence-column21124_b483e1-a1 > .kt-inside-inner-col{flex-direction:column;}.kadence-column21124_b483e1-a1 > .kt-inside-inner-col > .aligncenter{width:100%;}.kadence-column21124_b483e1-a1 > .kt-inside-inner-col:before{opacity:0.3;}.kadence-column21124_b483e1-a1{position:relative;}@media all and (max-width: 1024px){.kadence-column21124_b483e1-a1 > .kt-inside-inner-col{flex-direction:column;justify-content:center;}}@media all and (max-width: 767px){.kadence-column21124_b483e1-a1 > .kt-inside-inner-col{flex-direction:column;justify-content:center;}}<\/style>\n<div class=\"wp-block-kadence-column kadence-column21124_b483e1-a1\"><div class=\"kt-inside-inner-col\">\n<p class=\"has-lightgrey-background-color has-background\" style=\"border-width:2px;border-radius:10px\"><strong>Burschen- u. M\u00e4dchenschaft Biewerer Kr\u00e4hre<\/strong><br>Leonard K\u00f6ster<br>Hauptstra\u00dfe 44<br>Tel.: 0152 \/ 31932523<\/p>\n<\/div><\/div>\n\n\n<style>.kadence-column21124_8a86ac-49 > .kt-inside-inner-col,.kadence-column21124_8a86ac-49 > .kt-inside-inner-col:before{border-top-left-radius:0px;border-top-right-radius:0px;border-bottom-right-radius:0px;border-bottom-left-radius:0px;}.kadence-column21124_8a86ac-49 > .kt-inside-inner-col{column-gap:var(--global-kb-gap-sm, 1rem);}.kadence-column21124_8a86ac-49 > .kt-inside-inner-col{flex-direction:column;}.kadence-column21124_8a86ac-49 > .kt-inside-inner-col > .aligncenter{width:100%;}.kadence-column21124_8a86ac-49 > .kt-inside-inner-col{background-color:rgba(65, 118, 251, 0.1);}.kadence-column21124_8a86ac-49 > .kt-inside-inner-col:before{opacity:0.3;}.kadence-column21124_8a86ac-49{position:relative;}@media all and (max-width: 1024px){.kadence-column21124_8a86ac-49 > .kt-inside-inner-col{flex-direction:column;justify-content:center;}}@media all and (max-width: 767px){.kadence-column21124_8a86ac-49 > .kt-inside-inner-col{flex-direction:column;justify-content:center;}}<\/style>\n<div class=\"wp-block-kadence-column kadence-column21124_8a86ac-49\"><div class=\"kt-inside-inner-col\">\n<p class=\"has-lightgrey-background-color has-background\" style=\"border-width:2px;border-radius:10px\"><strong>Burschenschaft Immergr\u00fcn<\/strong><br>Benjamin Failing<br>Auweg 7<br>35633 Lahnau-Dorlar<br>Tel.: 0151 \/ 61248996<\/p>\n<\/div><\/div>\n\n<\/div><\/div>\n\n<style>.kb-row-layout-id21124_5a80bb-ac > .kt-row-column-wrap{align-content:start;}:where(.kb-row-layout-id21124_5a80bb-ac > .kt-row-column-wrap) > .wp-block-kadence-column{justify-content:start;}.kb-row-layout-id21124_5a80bb-ac > .kt-row-column-wrap{column-gap:var(--global-kb-gap-md, 2rem);row-gap:var(--global-kb-gap-md, 2rem);padding-top:var(--global-kb-spacing-sm, 1.5rem);padding-bottom:var(--global-kb-spacing-sm, 1.5rem);}.kb-row-layout-id21124_5a80bb-ac > .kt-row-column-wrap > div:not(.added-for-specificity){grid-column:initial;}.kb-row-layout-id21124_5a80bb-ac > .kt-row-column-wrap{grid-template-columns:repeat(3, minmax(0, 1fr));}.kb-row-layout-id21124_5a80bb-ac{background-color:rgba(65,118,251,0.1);}.kb-row-layout-id21124_5a80bb-ac > .kt-row-layout-overlay{opacity:0.30;}@media all and (max-width: 1024px){.kb-row-layout-id21124_5a80bb-ac > .kt-row-column-wrap > div:not(.added-for-specificity){grid-column:initial;}}@media all and (max-width: 1024px){.kb-row-layout-id21124_5a80bb-ac > .kt-row-column-wrap{grid-template-columns:repeat(3, minmax(0, 1fr));}}@media all and (max-width: 767px){.kb-row-layout-id21124_5a80bb-ac > .kt-row-column-wrap > div:not(.added-for-specificity){grid-column:initial;}.kb-row-layout-id21124_5a80bb-ac > .kt-row-column-wrap{grid-template-columns:minmax(0, 1fr);}}<\/style><div class=\"kb-row-layout-wrap kb-row-layout-id21124_5a80bb-ac alignnone kt-row-has-bg wp-block-kadence-rowlayout\"><div class=\"kt-row-column-wrap kt-has-3-columns kt-row-layout-equal kt-tab-layout-inherit kt-mobile-layout-row kt-row-valign-top\">\n<style>.kadence-column21124_14d089-f6 > .kt-inside-inner-col,.kadence-column21124_14d089-f6 > .kt-inside-inner-col:before{border-top-left-radius:0px;border-top-right-radius:0px;border-bottom-right-radius:0px;border-bottom-left-radius:0px;}.kadence-column21124_14d089-f6 > .kt-inside-inner-col{column-gap:var(--global-kb-gap-sm, 1rem);}.kadence-column21124_14d089-f6 > .kt-inside-inner-col{flex-direction:column;}.kadence-column21124_14d089-f6 > .kt-inside-inner-col > .aligncenter{width:100%;}.kadence-column21124_14d089-f6 > .kt-inside-inner-col:before{opacity:0.3;}.kadence-column21124_14d089-f6{position:relative;}@media all and (max-width: 1024px){.kadence-column21124_14d089-f6 > .kt-inside-inner-col{flex-direction:column;justify-content:center;}}@media all and (max-width: 767px){.kadence-column21124_14d089-f6 > .kt-inside-inner-col{flex-direction:column;justify-content:center;}}<\/style>\n<div class=\"wp-block-kadence-column kadence-column21124_14d089-f6\"><div class=\"kt-inside-inner-col\">\n<p class=\"has-lightgrey-background-color has-background\" style=\"border-width:2px;border-radius:10px\"><strong>Kirmesburschen- u. M\u00e4dchenschaft Rodheim<\/strong><br>Leon\u00a0Katzmarzik<br>Fellingsh\u00e4user Stra\u00dfe\u00a0 4<br>email:\u00a0<a href=\"mailto:kirmesinrodheim@yahoo.de\">kirmesinrodheim@yahoo.de<\/a><\/p>\n<\/div><\/div>\n\n\n<style>.kadence-column21124_65533e-43 > .kt-inside-inner-col,.kadence-column21124_65533e-43 > .kt-inside-inner-col:before{border-top-left-radius:0px;border-top-right-radius:0px;border-bottom-right-radius:0px;border-bottom-left-radius:0px;}.kadence-column21124_65533e-43 > .kt-inside-inner-col{column-gap:var(--global-kb-gap-sm, 1rem);}.kadence-column21124_65533e-43 > .kt-inside-inner-col{flex-direction:column;}.kadence-column21124_65533e-43 > .kt-inside-inner-col > .aligncenter{width:100%;}.kadence-column21124_65533e-43 > .kt-inside-inner-col:before{opacity:0.3;}.kadence-column21124_65533e-43{position:relative;}@media all and (max-width: 1024px){.kadence-column21124_65533e-43 > .kt-inside-inner-col{flex-direction:column;justify-content:center;}}@media all and (max-width: 767px){.kadence-column21124_65533e-43 > .kt-inside-inner-col{flex-direction:column;justify-content:center;}}<\/style>\n<div class=\"wp-block-kadence-column kadence-column21124_65533e-43\"><div class=\"kt-inside-inner-col\">\n<p class=\"has-lightgrey-background-color has-background\" style=\"border-width:2px;border-radius:10px\"><strong>M\u00e4nnerschaft Immergr\u00fcn 1978<\/strong><br>Karlheinz Gerlach<br>Am Lohacker 3<br>Tel.: 9665<\/p>\n<\/div><\/div>\n\n\n<style>.kadence-column21124_c54780-50 > .kt-inside-inner-col,.kadence-column21124_c54780-50 > .kt-inside-inner-col:before{border-top-left-radius:0px;border-top-right-radius:0px;border-bottom-right-radius:0px;border-bottom-left-radius:0px;}.kadence-column21124_c54780-50 > .kt-inside-inner-col{column-gap:var(--global-kb-gap-sm, 1rem);}.kadence-column21124_c54780-50 > .kt-inside-inner-col{flex-direction:column;}.kadence-column21124_c54780-50 > .kt-inside-inner-col > .aligncenter{width:100%;}.kadence-column21124_c54780-50 > .kt-inside-inner-col:before{opacity:0.3;}.kadence-column21124_c54780-50{position:relative;}@media all and (max-width: 1024px){.kadence-column21124_c54780-50 > .kt-inside-inner-col{flex-direction:column;justify-content:center;}}@media all and (max-width: 767px){.kadence-column21124_c54780-50 > .kt-inside-inner-col{flex-direction:column;justify-content:center;}}<\/style>\n<div class=\"wp-block-kadence-column kadence-column21124_c54780-50\"><div class=\"kt-inside-inner-col\">\n<p class=\"has-lightgrey-background-color has-background\" style=\"border-width:2px;border-radius:10px\"><strong>Burschen- und M\u00e4dchenschaft Krumbach e.V.\u00a0<\/strong>Franziska Merten<br>Fellingsh\u00e4user Str. 44c<br>Tel.: 0163 \/ 8689129<\/p>\n<\/div><\/div>\n\n<\/div><\/div>\n\n<style>.kb-row-layout-id21124_f3303a-3f > .kt-row-column-wrap{align-content:start;}:where(.kb-row-layout-id21124_f3303a-3f > .kt-row-column-wrap) > .wp-block-kadence-column{justify-content:start;}.kb-row-layout-id21124_f3303a-3f > .kt-row-column-wrap{column-gap:var(--global-kb-gap-md, 2rem);row-gap:var(--global-kb-gap-md, 2rem);padding-top:var(--global-kb-spacing-sm, 1.5rem);padding-bottom:var(--global-kb-spacing-sm, 1.5rem);}.kb-row-layout-id21124_f3303a-3f > .kt-row-column-wrap > div:not(.added-for-specificity){grid-column:initial;}.kb-row-layout-id21124_f3303a-3f > .kt-row-column-wrap{grid-template-columns:repeat(3, minmax(0, 1fr));}.kb-row-layout-id21124_f3303a-3f{border-bottom-right-radius:20px;border-bottom-left-radius:20px;overflow:clip;isolation:isolate;}.kb-row-layout-id21124_f3303a-3f > .kt-row-layout-overlay{border-bottom-right-radius:20px;border-bottom-left-radius:20px;}.kb-row-layout-id21124_f3303a-3f{background-color:rgba(65,118,251,0.1);}.kb-row-layout-id21124_f3303a-3f > .kt-row-layout-overlay{opacity:0.30;}@media all and (max-width: 1024px){.kb-row-layout-id21124_f3303a-3f > .kt-row-column-wrap > div:not(.added-for-specificity){grid-column:initial;}}@media all and (max-width: 1024px){.kb-row-layout-id21124_f3303a-3f > .kt-row-column-wrap{grid-template-columns:repeat(3, minmax(0, 1fr));}}@media all and (max-width: 767px){.kb-row-layout-id21124_f3303a-3f > .kt-row-column-wrap > div:not(.added-for-specificity){grid-column:initial;}.kb-row-layout-id21124_f3303a-3f > .kt-row-column-wrap{grid-template-columns:minmax(0, 1fr);}}<\/style><div class=\"kb-row-layout-wrap kb-row-layout-id21124_f3303a-3f alignnone kt-row-has-bg wp-block-kadence-rowlayout\"><div class=\"kt-row-column-wrap kt-has-3-columns kt-row-layout-equal kt-tab-layout-inherit kt-mobile-layout-row kt-row-valign-top\">\n<style>.kadence-column21124_588fd8-08 > .kt-inside-inner-col,.kadence-column21124_588fd8-08 > .kt-inside-inner-col:before{border-top-left-radius:0px;border-top-right-radius:0px;border-bottom-right-radius:0px;border-bottom-left-radius:0px;}.kadence-column21124_588fd8-08 > .kt-inside-inner-col{column-gap:var(--global-kb-gap-sm, 1rem);}.kadence-column21124_588fd8-08 > .kt-inside-inner-col{flex-direction:column;}.kadence-column21124_588fd8-08 > .kt-inside-inner-col > .aligncenter{width:100%;}.kadence-column21124_588fd8-08 > .kt-inside-inner-col:before{opacity:0.3;}.kadence-column21124_588fd8-08{position:relative;}@media all and (max-width: 1024px){.kadence-column21124_588fd8-08 > .kt-inside-inner-col{flex-direction:column;justify-content:center;}}@media all and (max-width: 767px){.kadence-column21124_588fd8-08 > .kt-inside-inner-col{flex-direction:column;justify-content:center;}}<\/style>\n<div class=\"wp-block-kadence-column kadence-column21124_588fd8-08\"><div class=\"kt-inside-inner-col\">\n<p class=\"has-lightgrey-background-color has-background\" style=\"border-width:2px;border-radius:10px\"><strong>Burschen &#8211; M\u00e4dchenschaft Einigkeit Vetzberg<\/strong><br>Sebastian Weil<br>Am Wingert 6<br>Tel.: 0178 \/ 1694872<\/p>\n<\/div><\/div>\n\n\n<style>.kadence-column21124_cfbaaa-dd > .kt-inside-inner-col,.kadence-column21124_cfbaaa-dd > .kt-inside-inner-col:before{border-top-left-radius:0px;border-top-right-radius:0px;border-bottom-right-radius:0px;border-bottom-left-radius:0px;}.kadence-column21124_cfbaaa-dd > .kt-inside-inner-col{column-gap:var(--global-kb-gap-sm, 1rem);}.kadence-column21124_cfbaaa-dd > .kt-inside-inner-col{flex-direction:column;}.kadence-column21124_cfbaaa-dd > .kt-inside-inner-col > .aligncenter{width:100%;}.kadence-column21124_cfbaaa-dd > .kt-inside-inner-col:before{opacity:0.3;}.kadence-column21124_cfbaaa-dd{position:relative;}@media all and (max-width: 1024px){.kadence-column21124_cfbaaa-dd > .kt-inside-inner-col{flex-direction:column;justify-content:center;}}@media all and (max-width: 767px){.kadence-column21124_cfbaaa-dd > .kt-inside-inner-col{flex-direction:column;justify-content:center;}}<\/style>\n<div class=\"wp-block-kadence-column kadence-column21124_cfbaaa-dd\"><div class=\"kt-inside-inner-col\">\n<p class=\"has-lightgrey-background-color has-background\" style=\"border-width:2px;border-radius:10px\"><strong>Altburschen &#8222;Vierjahreszeiten&#8220;<\/strong><br>Friedel Winter<br>Die Grohbach 8<br>Tel.: 8088580<\/p>\n<\/div><\/div>\n\n\n<style>.kadence-column21124_0cb7c8-5b > .kt-inside-inner-col,.kadence-column21124_0cb7c8-5b > .kt-inside-inner-col:before{border-top-left-radius:0px;border-top-right-radius:0px;border-bottom-right-radius:0px;border-bottom-left-radius:0px;}.kadence-column21124_0cb7c8-5b > .kt-inside-inner-col{column-gap:var(--global-kb-gap-sm, 1rem);}.kadence-column21124_0cb7c8-5b > .kt-inside-inner-col{flex-direction:column;}.kadence-column21124_0cb7c8-5b > .kt-inside-inner-col > .aligncenter{width:100%;}.kadence-column21124_0cb7c8-5b > .kt-inside-inner-col:before{opacity:0.3;}.kadence-column21124_0cb7c8-5b{position:relative;}@media all and (max-width: 1024px){.kadence-column21124_0cb7c8-5b > .kt-inside-inner-col{flex-direction:column;justify-content:center;}}@media all and (max-width: 767px){.kadence-column21124_0cb7c8-5b > .kt-inside-inner-col{flex-direction:column;justify-content:center;}}<\/style>\n<div class=\"wp-block-kadence-column kadence-column21124_0cb7c8-5b\"><div class=\"kt-inside-inner-col\">\n<p class=\"has-lightgrey-background-color has-background\" style=\"border-width:2px;border-radius:10px;margin-right:0;margin-left:0;font-size:14px\"><strong>Burschenschaft- und M\u00e4dchenschaft &#8222;F\u00fcchse&#8220;\u00a0Fellingshausen<\/strong><br>Colin Keil<br>Helenenstr. 10<br>Tel.: 0176 \/ 24370823<br>info@bums.fellingshausen.de\u00a0<br><a href=\"http:\/\/bums.fellingshausen.org\">http:\/\/bums.fellingshausen.org<\/a><\/p>\n<\/div><\/div>\n\n<\/div><\/div>","protected":false},"excerpt":{"rendered":"<p>Burschenschaft FrohsinnKai SchmidtGie\u00dfener Str. 92Tel.: 0151 \/ 51916709 Burschen- u. M\u00e4dchenschaft Biewerer Kr\u00e4hreLeonard K\u00f6sterHauptstra\u00dfe 44Tel.: 0152 \/ 31932523 Burschenschaft Immergr\u00fcnBenjamin FailingAuweg 735633 Lahnau-DorlarTel.: 0151 \/ 61248996 Kirmesburschen- u. M\u00e4dchenschaft RodheimLeon\u00a0KatzmarzikFellingsh\u00e4user Stra\u00dfe\u00a0 4email:\u00a0kirmesinrodheim@yahoo.de M\u00e4nnerschaft Immergr\u00fcn 1978Karlheinz GerlachAm Lohacker 3Tel.: 9665 Burschen- und M\u00e4dchenschaft Krumbach e.V.\u00a0Franziska MertenFellingsh\u00e4user Str. 44cTel.: 0163 \/ 8689129 [&hellip;]<\/p>\n","protected":false},"author":1,"featured_media":0,"parent":0,"menu_order":0,"comment_status":"closed","ping_status":"closed","template":"","meta":{"inspiro_page_layout":"narrow","inspiro_hide_title":false,"footnotes":""},"class_list":["post-21124","page","type-page","status-publish","hentry"],"_links":{"self":[{"href":"https:\/\/treffpunkte.bibibo.info\/index.php?rest_route=\/wp\/v2\/pages\/21124","targetHints":{"allow":["GET"]}}],"collection":[{"href":"https:\/\/treffpunkte.bibibo.info\/index.php?rest_route=\/wp\/v2\/pages"}],"about":[{"href":"https:\/\/treffpunkte.bibibo.info\/index.php?rest_route=\/wp\/v2\/types\/page"}],"author":[{"embeddable":true,"href":"https:\/\/treffpunkte.bibibo.info\/index.php?rest_route=\/wp\/v2\/users\/1"}],"replies":[{"embeddable":true,"href":"https:\/\/treffpunkte.bibibo.info\/index.php?rest_route=%2Fwp%2Fv2%2Fcomments&post=21124"}],"version-history":[{"count":9,"href":"https:\/\/treffpunkte.bibibo.info\/index.php?rest_route=\/wp\/v2\/pages\/21124\/revisions"}],"predecessor-version":[{"id":21140,"href":"https:\/\/treffpunkte.bibibo.info\/index.php?rest_route=\/wp\/v2\/pages\/21124\/revisions\/21140"}],"wp:attachment":[{"href":"https:\/\/treffpunkte.bibibo.info\/index.php?rest_route=%2Fwp%2Fv2%2Fmedia&parent=21124"}],"curies":[{"name":"wp","href":"https:\/\/api.w.org\/{rel}","templated":true}]}}