{"id":21142,"date":"2025-03-26T10:04:37","date_gmt":"2025-03-26T09:04:37","guid":{"rendered":"https:\/\/treffpunkte.bibibo.info\/?page_id=21142"},"modified":"2025-03-26T14:59:12","modified_gmt":"2025-03-26T13:59:12","slug":"feuerwehren","status":"publish","type":"page","link":"https:\/\/treffpunkte.bibibo.info\/?page_id=21142","title":{"rendered":"Feuerwehr-Vereine"},"content":{"rendered":"<style>.kb-row-layout-id21142_c30f7a-ba > .kt-row-column-wrap{align-content:start;}:where(.kb-row-layout-id21142_c30f7a-ba > .kt-row-column-wrap) > .wp-block-kadence-column{justify-content:start;}.kb-row-layout-id21142_c30f7a-ba > .kt-row-column-wrap{column-gap:var(--global-kb-gap-md, 2rem);row-gap:var(--global-kb-gap-md, 2rem);padding-top:var(--global-kb-spacing-sm, 1.5rem);padding-bottom:var(--global-kb-spacing-sm, 1.5rem);}.kb-row-layout-id21142_c30f7a-ba > .kt-row-column-wrap > div:not(.added-for-specificity){grid-column:initial;}.kb-row-layout-id21142_c30f7a-ba > .kt-row-column-wrap{grid-template-columns:repeat(3, minmax(0, 1fr));}.kb-row-layout-id21142_c30f7a-ba{border-top-left-radius:20px;border-top-right-radius:20px;overflow:clip;isolation:isolate;}.kb-row-layout-id21142_c30f7a-ba > .kt-row-layout-overlay{border-top-left-radius:20px;border-top-right-radius:20px;}.kb-row-layout-id21142_c30f7a-ba{background-color:rgba(255,0,0,0.1);}.kb-row-layout-id21142_c30f7a-ba > .kt-row-layout-overlay{opacity:0.30;}@media all and (max-width: 1024px){.kb-row-layout-id21142_c30f7a-ba > .kt-row-column-wrap > div:not(.added-for-specificity){grid-column:initial;}}@media all and (max-width: 1024px){.kb-row-layout-id21142_c30f7a-ba > .kt-row-column-wrap{grid-template-columns:repeat(3, minmax(0, 1fr));}}@media all and (max-width: 767px){.kb-row-layout-id21142_c30f7a-ba > .kt-row-column-wrap > div:not(.added-for-specificity){grid-column:initial;}.kb-row-layout-id21142_c30f7a-ba > .kt-row-column-wrap{grid-template-columns:minmax(0, 1fr);}}<\/style><div class=\"kb-row-layout-wrap kb-row-layout-id21142_c30f7a-ba alignnone kt-row-has-bg wp-block-kadence-rowlayout\"><div class=\"kt-row-column-wrap kt-has-3-columns kt-row-layout-equal kt-tab-layout-inherit kt-mobile-layout-row kt-row-valign-top\">\n<style>.kadence-column21142_f075c1-cd > .kt-inside-inner-col,.kadence-column21142_f075c1-cd > .kt-inside-inner-col:before{border-top-left-radius:0px;border-top-right-radius:0px;border-bottom-right-radius:0px;border-bottom-left-radius:0px;}.kadence-column21142_f075c1-cd > .kt-inside-inner-col{column-gap:var(--global-kb-gap-sm, 1rem);}.kadence-column21142_f075c1-cd > .kt-inside-inner-col{flex-direction:column;}.kadence-column21142_f075c1-cd > .kt-inside-inner-col > .aligncenter{width:100%;}.kadence-column21142_f075c1-cd > .kt-inside-inner-col:before{opacity:0.3;}.kadence-column21142_f075c1-cd{position:relative;}@media all and (max-width: 1024px){.kadence-column21142_f075c1-cd > .kt-inside-inner-col{flex-direction:column;justify-content:center;}}@media all and (max-width: 767px){.kadence-column21142_f075c1-cd > .kt-inside-inner-col{flex-direction:column;justify-content:center;}}<\/style>\n<div class=\"wp-block-kadence-column kadence-column21142_f075c1-cd\"><div class=\"kt-inside-inner-col\">\n<p class=\"has-lightgrey-background-color has-background\" style=\"border-width:2px;border-radius:10px\"><strong>Freiwillige Feuerwehr Rodheim 1906 e.V.<\/strong><br>Sabine Erler<br>E-Mail:&nbsp;<a href=\"mailto:vorsitzende@feuerwehr-rodheim.de\">Sabine Erler&nbsp;<\/a><br>Homepage:&nbsp;<a href=\"http:\/\/www.feuerwehr-rodheim.de\/\" target=\"_blank\" rel=\"noreferrer noopener\">Feuerwehr Rodheim&nbsp;<\/a><\/p>\n<\/div><\/div>\n\n\n<style>.kadence-column21142_3a10d8-a3 > .kt-inside-inner-col,.kadence-column21142_3a10d8-a3 > .kt-inside-inner-col:before{border-top-left-radius:0px;border-top-right-radius:0px;border-bottom-right-radius:0px;border-bottom-left-radius:0px;}.kadence-column21142_3a10d8-a3 > .kt-inside-inner-col{column-gap:var(--global-kb-gap-sm, 1rem);}.kadence-column21142_3a10d8-a3 > .kt-inside-inner-col{flex-direction:column;}.kadence-column21142_3a10d8-a3 > .kt-inside-inner-col > .aligncenter{width:100%;}.kadence-column21142_3a10d8-a3 > .kt-inside-inner-col:before{opacity:0.3;}.kadence-column21142_3a10d8-a3{position:relative;}@media all and (max-width: 1024px){.kadence-column21142_3a10d8-a3 > .kt-inside-inner-col{flex-direction:column;justify-content:center;}}@media all and (max-width: 767px){.kadence-column21142_3a10d8-a3 > .kt-inside-inner-col{flex-direction:column;justify-content:center;}}<\/style>\n<div class=\"wp-block-kadence-column kadence-column21142_3a10d8-a3\"><div class=\"kt-inside-inner-col\">\n<p class=\"has-lightgrey-background-color has-background\" style=\"border-width:2px;border-radius:10px\"><strong>Freiwillige Feuerwehr Bieber<\/strong><br>Michael D\u00f6nges<br>E-Mail:&nbsp;Michael D\u00f6nges&nbsp;<\/p>\n<\/div><\/div>\n\n\n<style>.kadence-column21142_9b5670-8e > .kt-inside-inner-col,.kadence-column21142_9b5670-8e > .kt-inside-inner-col:before{border-top-left-radius:0px;border-top-right-radius:0px;border-bottom-right-radius:0px;border-bottom-left-radius:0px;}.kadence-column21142_9b5670-8e > .kt-inside-inner-col{column-gap:var(--global-kb-gap-sm, 1rem);}.kadence-column21142_9b5670-8e > .kt-inside-inner-col{flex-direction:column;}.kadence-column21142_9b5670-8e > .kt-inside-inner-col > .aligncenter{width:100%;}.kadence-column21142_9b5670-8e > .kt-inside-inner-col:before{opacity:0.3;}.kadence-column21142_9b5670-8e{position:relative;}@media all and (max-width: 1024px){.kadence-column21142_9b5670-8e > .kt-inside-inner-col{flex-direction:column;justify-content:center;}}@media all and (max-width: 767px){.kadence-column21142_9b5670-8e > .kt-inside-inner-col{flex-direction:column;justify-content:center;}}<\/style>\n<div class=\"wp-block-kadence-column kadence-column21142_9b5670-8e\"><div class=\"kt-inside-inner-col\">\n<p class=\"has-lightgrey-background-color has-background\" style=\"border-width:2px;border-radius:10px\"><strong>Freiwillige Feuerwehr Krumbach<\/strong><br>Pierre Wahl&nbsp;<br>E-Mail:&nbsp;<a href=\"mailto:pierre.luh@gmail.com\">pierre.luh@gmail.com<\/a><\/p>\n<\/div><\/div>\n\n<\/div><\/div>\n\n<style>.kb-row-layout-id21142_3fff01-9d > .kt-row-column-wrap{align-content:start;}:where(.kb-row-layout-id21142_3fff01-9d > .kt-row-column-wrap) > .wp-block-kadence-column{justify-content:start;}.kb-row-layout-id21142_3fff01-9d > .kt-row-column-wrap{column-gap:var(--global-kb-gap-md, 2rem);row-gap:var(--global-kb-gap-md, 2rem);padding-top:var(--global-kb-spacing-sm, 1.5rem);padding-bottom:var(--global-kb-spacing-sm, 1.5rem);}.kb-row-layout-id21142_3fff01-9d > .kt-row-column-wrap > div:not(.added-for-specificity){grid-column:initial;}.kb-row-layout-id21142_3fff01-9d > .kt-row-column-wrap{grid-template-columns:repeat(3, minmax(0, 1fr));}.kb-row-layout-id21142_3fff01-9d{background-color:rgba(225,5,30,0.1);}.kb-row-layout-id21142_3fff01-9d > .kt-row-layout-overlay{opacity:0.30;}@media all and (max-width: 1024px){.kb-row-layout-id21142_3fff01-9d > .kt-row-column-wrap > div:not(.added-for-specificity){grid-column:initial;}}@media all and (max-width: 1024px){.kb-row-layout-id21142_3fff01-9d > .kt-row-column-wrap{grid-template-columns:repeat(3, minmax(0, 1fr));}}@media all and (max-width: 767px){.kb-row-layout-id21142_3fff01-9d > .kt-row-column-wrap > div:not(.added-for-specificity){grid-column:initial;}.kb-row-layout-id21142_3fff01-9d > .kt-row-column-wrap{grid-template-columns:minmax(0, 1fr);}}<\/style><div class=\"kb-row-layout-wrap kb-row-layout-id21142_3fff01-9d alignnone kt-row-has-bg wp-block-kadence-rowlayout\"><div class=\"kt-row-column-wrap kt-has-3-columns kt-row-layout-equal kt-tab-layout-inherit kt-mobile-layout-row kt-row-valign-top\">\n<style>.kadence-column21142_615042-fa > .kt-inside-inner-col,.kadence-column21142_615042-fa > .kt-inside-inner-col:before{border-top-left-radius:0px;border-top-right-radius:0px;border-bottom-right-radius:0px;border-bottom-left-radius:0px;}.kadence-column21142_615042-fa > .kt-inside-inner-col{column-gap:var(--global-kb-gap-sm, 1rem);}.kadence-column21142_615042-fa > .kt-inside-inner-col{flex-direction:column;}.kadence-column21142_615042-fa > .kt-inside-inner-col > .aligncenter{width:100%;}.kadence-column21142_615042-fa > .kt-inside-inner-col:before{opacity:0.3;}.kadence-column21142_615042-fa{position:relative;}@media all and (max-width: 1024px){.kadence-column21142_615042-fa > .kt-inside-inner-col{flex-direction:column;justify-content:center;}}@media all and (max-width: 767px){.kadence-column21142_615042-fa > .kt-inside-inner-col{flex-direction:column;justify-content:center;}}<\/style>\n<div class=\"wp-block-kadence-column kadence-column21142_615042-fa\"><div class=\"kt-inside-inner-col\">\n<p class=\"has-lightgrey-background-color has-background\" style=\"border-width:2px;border-radius:10px\"><strong>Freiwillige Feuerwehr K\u00f6nigsberg<\/strong><br>Tobias M\u00fcller<br>E-Mail: &#8211;<\/p>\n<\/div><\/div>\n\n\n<style>.kadence-column21142_2244d3-34 > .kt-inside-inner-col,.kadence-column21142_2244d3-34 > .kt-inside-inner-col:before{border-top-left-radius:0px;border-top-right-radius:0px;border-bottom-right-radius:0px;border-bottom-left-radius:0px;}.kadence-column21142_2244d3-34 > .kt-inside-inner-col{column-gap:var(--global-kb-gap-sm, 1rem);}.kadence-column21142_2244d3-34 > .kt-inside-inner-col{flex-direction:column;}.kadence-column21142_2244d3-34 > .kt-inside-inner-col > .aligncenter{width:100%;}.kadence-column21142_2244d3-34 > .kt-inside-inner-col:before{opacity:0.3;}.kadence-column21142_2244d3-34{position:relative;}@media all and (max-width: 1024px){.kadence-column21142_2244d3-34 > .kt-inside-inner-col{flex-direction:column;justify-content:center;}}@media all and (max-width: 767px){.kadence-column21142_2244d3-34 > .kt-inside-inner-col{flex-direction:column;justify-content:center;}}<\/style>\n<div class=\"wp-block-kadence-column kadence-column21142_2244d3-34\"><div class=\"kt-inside-inner-col\">\n<p class=\"has-lightgrey-background-color has-background\" style=\"border-width:2px;border-radius:10px\"><strong>Freiwillige Feuerwehr Frankenbach<\/strong><br>1. Vorsitzende<br>E-Mail:&nbsp;<a href=\"mailto:1.Vorsitzende@FFW-Frankenbach.de\">1. Vorsitzende&nbsp;<\/a><br>Homepage:<a href=\"http:\/\/ffw-frankenbach.de\/\" target=\"_blank\" rel=\"noreferrer noopener\">&nbsp;Feuerwehr Frankenbach&nbsp;<\/a><\/p>\n<\/div><\/div>\n\n\n<style>.kadence-column21142_bd993c-a7 > .kt-inside-inner-col,.kadence-column21142_bd993c-a7 > .kt-inside-inner-col:before{border-top-left-radius:0px;border-top-right-radius:0px;border-bottom-right-radius:0px;border-bottom-left-radius:0px;}.kadence-column21142_bd993c-a7 > .kt-inside-inner-col{column-gap:var(--global-kb-gap-sm, 1rem);}.kadence-column21142_bd993c-a7 > .kt-inside-inner-col{flex-direction:column;}.kadence-column21142_bd993c-a7 > .kt-inside-inner-col > .aligncenter{width:100%;}.kadence-column21142_bd993c-a7 > .kt-inside-inner-col:before{opacity:0.3;}.kadence-column21142_bd993c-a7{position:relative;}@media all and (max-width: 1024px){.kadence-column21142_bd993c-a7 > .kt-inside-inner-col{flex-direction:column;justify-content:center;}}@media all and (max-width: 767px){.kadence-column21142_bd993c-a7 > .kt-inside-inner-col{flex-direction:column;justify-content:center;}}<\/style>\n<div class=\"wp-block-kadence-column kadence-column21142_bd993c-a7\"><div class=\"kt-inside-inner-col\">\n<p class=\"has-lightgrey-background-color has-background\" style=\"border-width:2px;border-radius:10px\"><strong>Freiwillige Feuerwehr Fellingshausen<\/strong><br>Katharina Muhly<br>E-Mail:&nbsp;<a href=\"mailto:feuerwehrverein.fellingshausen@gmail.com\">Feuerwehr Fellingshausen&nbsp;<\/a><\/p>\n<\/div><\/div>\n\n<\/div><\/div>\n\n<style>.kb-row-layout-id21142_56c382-8a > .kt-row-column-wrap{align-content:start;}:where(.kb-row-layout-id21142_56c382-8a > .kt-row-column-wrap) > .wp-block-kadence-column{justify-content:start;}.kb-row-layout-id21142_56c382-8a > .kt-row-column-wrap{column-gap:var(--global-kb-gap-md, 2rem);row-gap:var(--global-kb-gap-md, 2rem);padding-top:var(--global-kb-spacing-sm, 1.5rem);padding-bottom:var(--global-kb-spacing-sm, 1.5rem);}.kb-row-layout-id21142_56c382-8a > .kt-row-column-wrap > div:not(.added-for-specificity){grid-column:initial;}.kb-row-layout-id21142_56c382-8a > .kt-row-column-wrap{grid-template-columns:repeat(3, minmax(0, 1fr));}.kb-row-layout-id21142_56c382-8a{border-bottom-right-radius:20px;border-bottom-left-radius:20px;overflow:clip;isolation:isolate;}.kb-row-layout-id21142_56c382-8a > .kt-row-layout-overlay{border-bottom-right-radius:20px;border-bottom-left-radius:20px;}.kb-row-layout-id21142_56c382-8a{background-color:rgba(225,5,30,0.1);}.kb-row-layout-id21142_56c382-8a > .kt-row-layout-overlay{opacity:0.30;}@media all and (max-width: 1024px){.kb-row-layout-id21142_56c382-8a > .kt-row-column-wrap > div:not(.added-for-specificity){grid-column:initial;}}@media all and (max-width: 1024px){.kb-row-layout-id21142_56c382-8a > .kt-row-column-wrap{grid-template-columns:repeat(3, minmax(0, 1fr));}}@media all and (max-width: 767px){.kb-row-layout-id21142_56c382-8a > .kt-row-column-wrap > div:not(.added-for-specificity){grid-column:initial;}.kb-row-layout-id21142_56c382-8a > .kt-row-column-wrap{grid-template-columns:minmax(0, 1fr);}}<\/style><div class=\"kb-row-layout-wrap kb-row-layout-id21142_56c382-8a alignnone kt-row-has-bg wp-block-kadence-rowlayout\"><div class=\"kt-row-column-wrap kt-has-3-columns kt-row-layout-equal kt-tab-layout-inherit kt-mobile-layout-row kt-row-valign-top\">\n<style>.kadence-column21142_58d09a-0d > .kt-inside-inner-col,.kadence-column21142_58d09a-0d > .kt-inside-inner-col:before{border-top-left-radius:0px;border-top-right-radius:0px;border-bottom-right-radius:0px;border-bottom-left-radius:0px;}.kadence-column21142_58d09a-0d > .kt-inside-inner-col{column-gap:var(--global-kb-gap-sm, 1rem);}.kadence-column21142_58d09a-0d > .kt-inside-inner-col{flex-direction:column;}.kadence-column21142_58d09a-0d > .kt-inside-inner-col > .aligncenter{width:100%;}.kadence-column21142_58d09a-0d > .kt-inside-inner-col:before{opacity:0.3;}.kadence-column21142_58d09a-0d{position:relative;}@media all and (max-width: 1024px){.kadence-column21142_58d09a-0d > .kt-inside-inner-col{flex-direction:column;justify-content:center;}}@media all and (max-width: 767px){.kadence-column21142_58d09a-0d > .kt-inside-inner-col{flex-direction:column;justify-content:center;}}<\/style>\n<div class=\"wp-block-kadence-column kadence-column21142_58d09a-0d\"><div class=\"kt-inside-inner-col\">\n<p class=\"has-lightgrey-background-color has-background\" style=\"border-width:2px;border-radius:10px\"><strong>Freiwillige Feuerwehr Vetzberg<\/strong><br>Dirk R\u00f6mer<br>E-Mail:&nbsp;Dirk R\u00f6mer&nbsp;<\/p>\n\n\n\n<p>Homepage:&nbsp;Feuerwehr Vetzberg&nbsp;<\/p>\n\n\n\n<figure class=\"wp-block-image\"><img decoding=\"async\" src=\"https:\/\/biebertal.de\/uploads\/Symbols\/icon-16-external.png\" alt=\"\" title=\"\"\/><\/figure>\n<\/div><\/div>\n\n\n<style>.kadence-column21142_997c89-d1 > .kt-inside-inner-col,.kadence-column21142_997c89-d1 > .kt-inside-inner-col:before{border-top-left-radius:0px;border-top-right-radius:0px;border-bottom-right-radius:0px;border-bottom-left-radius:0px;}.kadence-column21142_997c89-d1 > .kt-inside-inner-col{column-gap:var(--global-kb-gap-sm, 1rem);}.kadence-column21142_997c89-d1 > .kt-inside-inner-col{flex-direction:column;}.kadence-column21142_997c89-d1 > .kt-inside-inner-col > .aligncenter{width:100%;}.kadence-column21142_997c89-d1 > .kt-inside-inner-col:before{opacity:0.3;}.kadence-column21142_997c89-d1{position:relative;}@media all and (max-width: 1024px){.kadence-column21142_997c89-d1 > .kt-inside-inner-col{flex-direction:column;justify-content:center;}}@media all and (max-width: 767px){.kadence-column21142_997c89-d1 > .kt-inside-inner-col{flex-direction:column;justify-content:center;}}<\/style>\n<div class=\"wp-block-kadence-column kadence-column21142_997c89-d1\"><div class=\"kt-inside-inner-col\"><\/div><\/div>\n\n\n<style>.kadence-column21142_fc8e53-9c > .kt-inside-inner-col,.kadence-column21142_fc8e53-9c > .kt-inside-inner-col:before{border-top-left-radius:0px;border-top-right-radius:0px;border-bottom-right-radius:0px;border-bottom-left-radius:0px;}.kadence-column21142_fc8e53-9c > .kt-inside-inner-col{column-gap:var(--global-kb-gap-sm, 1rem);}.kadence-column21142_fc8e53-9c > .kt-inside-inner-col{flex-direction:column;}.kadence-column21142_fc8e53-9c > .kt-inside-inner-col > .aligncenter{width:100%;}.kadence-column21142_fc8e53-9c > .kt-inside-inner-col:before{opacity:0.3;}.kadence-column21142_fc8e53-9c{position:relative;}@media all and (max-width: 1024px){.kadence-column21142_fc8e53-9c > .kt-inside-inner-col{flex-direction:column;justify-content:center;}}@media all and (max-width: 767px){.kadence-column21142_fc8e53-9c > .kt-inside-inner-col{flex-direction:column;justify-content:center;}}<\/style>\n<div class=\"wp-block-kadence-column kadence-column21142_fc8e53-9c\"><div class=\"kt-inside-inner-col\"><\/div><\/div>\n\n<\/div><\/div>","protected":false},"excerpt":{"rendered":"<p>Freiwillige Feuerwehr Rodheim 1906 e.V.Sabine ErlerE-Mail:&nbsp;Sabine Erler&nbsp;Homepage:&nbsp;Feuerwehr Rodheim&nbsp; Freiwillige Feuerwehr BieberMichael D\u00f6ngesE-Mail:&nbsp;Michael D\u00f6nges&nbsp; Freiwillige Feuerwehr KrumbachPierre Wahl&nbsp;E-Mail:&nbsp;pierre.luh@gmail.com Freiwillige Feuerwehr K\u00f6nigsbergTobias M\u00fcllerE-Mail: &#8211; Freiwillige Feuerwehr Frankenbach1. VorsitzendeE-Mail:&nbsp;1. Vorsitzende&nbsp;Homepage:&nbsp;Feuerwehr Frankenbach&nbsp; Freiwillige Feuerwehr FellingshausenKatharina MuhlyE-Mail:&nbsp;Feuerwehr Fellingshausen&nbsp; Freiwillige Feuerwehr VetzbergDirk R\u00f6merE-Mail:&nbsp;Dirk R\u00f6mer&nbsp; Homepage:&nbsp;Feuerwehr Vetzberg&nbsp;<\/p>\n","protected":false},"author":1,"featured_media":0,"parent":0,"menu_order":0,"comment_status":"closed","ping_status":"closed","template":"","meta":{"inspiro_page_layout":"narrow","inspiro_hide_title":false,"footnotes":""},"class_list":["post-21142","page","type-page","status-publish","hentry"],"_links":{"self":[{"href":"https:\/\/treffpunkte.bibibo.info\/index.php?rest_route=\/wp\/v2\/pages\/21142","targetHints":{"allow":["GET"]}}],"collection":[{"href":"https:\/\/treffpunkte.bibibo.info\/index.php?rest_route=\/wp\/v2\/pages"}],"about":[{"href":"https:\/\/treffpunkte.bibibo.info\/index.php?rest_route=\/wp\/v2\/types\/page"}],"author":[{"embeddable":true,"href":"https:\/\/treffpunkte.bibibo.info\/index.php?rest_route=\/wp\/v2\/users\/1"}],"replies":[{"embeddable":true,"href":"https:\/\/treffpunkte.bibibo.info\/index.php?rest_route=%2Fwp%2Fv2%2Fcomments&post=21142"}],"version-history":[{"count":9,"href":"https:\/\/treffpunkte.bibibo.info\/index.php?rest_route=\/wp\/v2\/pages\/21142\/revisions"}],"predecessor-version":[{"id":21361,"href":"https:\/\/treffpunkte.bibibo.info\/index.php?rest_route=\/wp\/v2\/pages\/21142\/revisions\/21361"}],"wp:attachment":[{"href":"https:\/\/treffpunkte.bibibo.info\/index.php?rest_route=%2Fwp%2Fv2%2Fmedia&parent=21142"}],"curies":[{"name":"wp","href":"https:\/\/api.w.org\/{rel}","templated":true}]}}